{"id":143,"date":"2016-06-20T07:48:11","date_gmt":"2016-06-20T07:48:11","guid":{"rendered":"http:\/\/sw-themes.com\/porto_dummy\/?page_id=143"},"modified":"2016-10-02T17:30:30","modified_gmt":"2016-10-02T17:30:30","slug":"home","status":"publish","type":"page","link":"https:\/\/www.silivripatent.com.tr\/en\/","title":{"rendered":"Home"},"content":{"rendered":"<div class=\"wpb-content-wrapper\"><p>[vc_row wrap_container=&#8221;yes&#8221; is_section=&#8221;yes&#8221; section_skin=&#8221;parallax&#8221; remove_margin_top=&#8221;yes&#8221; remove_margin_bottom=&#8221;yes&#8221;][vc_column]<div class=\"porto-recent-posts wpb_content_element  wpb_custom_8d967c2e2658a31efb9fd37ae26ff686\">\t<div class=\"post-carousel porto-carousel owl-carousel has-ccols ccols-1 ccols-lg-4 ccols-md-3 ccols-sm-2 has-ccols-spacing\" data-plugin-options=\"{&quot;themeConfig&quot;:true,&quot;lg&quot;:4,&quot;md&quot;:3,&quot;sm&quot;:2,&quot;margin&quot;:30}\">\r\n\t\t<div class=\"post-slide\">\r\n<div class=\"post-item style-2 post-title-simple\">\r\n\t\t<a aria-label=\"Post Item\" href=\"https:\/\/www.silivripatent.com.tr\/en\/3-kisilere-yapilacak-itiraz-islemleri\/\"> <span class=\"post-image thumb-info thumb-info-hide-wrapper-bg m-b-md\"> <span class=\"thumb-info-wrapper\"> <img loading=\"lazy\" decoding=\"async\" class=\"img-responsive\" width=\"450\" height=\"450\" src=\"https:\/\/www.silivripatent.com.tr\/wp-content\/uploads\/3-kisilere-itiraz-450x450.jpg\" alt=\"\" \/>\r\n\t\t\t<\/span> <\/span> <\/a>\r\n\t\t<div class=\"post-recent-main\">\r\n\t<!-- Post meta before content -->\r\n\t\t<div class=\"post-recent-content\"> \r\n\t\t<h5> <a class=\"text-dark\" href=\"https:\/\/www.silivripatent.com.tr\/en\/3-kisilere-yapilacak-itiraz-islemleri\/\">\r\n\t\tOpinion Of Validity Of 3rd Party Patent\t\t<\/a> <\/h5>\r\n\t\t<p class=\"post-excerpt\">Opinion of validity of 3rd party patent<\/p>\t<\/div>\r\n\t<!-- Post meta after content -->\r\n\t\r\n<div class=\"post-meta \">\r\n\t\t\t\t<span class=\"meta-cats\">\r\n\t\t\t\t\t<i class=\"far fa-folder\"><\/i>\r\n\t\t\t\t\t<a href=\"https:\/\/www.silivripatent.com.tr\/en\/category\/patents-patent\/\" rel=\"category tag\">PATENTS<\/a>\t\t<\/span>\r\n\t\t\t\t<span class=\"meta-tags\">\r\n\t\t\t\t\t<i class=\"far fa-envelope\"><\/i>\r\n\t\t\t\t\t<a href=\"https:\/\/www.silivripatent.com.tr\/en\/tag\/faydali-model-itirazi\/\" rel=\"tag\">Faydal\u0131 Model \u0130tiraz\u0131<\/a>, <a href=\"https:\/\/www.silivripatent.com.tr\/en\/tag\/itiraz\/\" rel=\"tag\">\u0130tiraz<\/a>, <a href=\"https:\/\/www.silivripatent.com.tr\/en\/tag\/marka-itirazi\/\" rel=\"tag\">Marka \u0130tiraz\u0131<\/a>, <a href=\"https:\/\/www.silivripatent.com.tr\/en\/tag\/patent-itirazi\/\" rel=\"tag\">Patent \u0130tiraz\u0131<\/a>, <a href=\"https:\/\/www.silivripatent.com.tr\/en\/tag\/tasarim-itirazi\/\" rel=\"tag\">Tasar\u0131m \u0130tiraz\u0131<\/a>\t\t<\/span>\r\n\t\t\r\n\t\r\n\t<\/div>\r\n\t<\/div>\r\n<\/div>\r\n<\/div><div class=\"post-slide\">\r\n<div class=\"post-item style-2 post-title-simple\">\r\n\t\t<a aria-label=\"Post Item\" href=\"https:\/\/www.silivripatent.com.tr\/en\/dunyada-patent-arastirmasi\/\"> <span class=\"post-image thumb-info thumb-info-hide-wrapper-bg m-b-md\"> <span class=\"thumb-info-wrapper\"> <img loading=\"lazy\" decoding=\"async\" class=\"img-responsive\" width=\"450\" height=\"450\" src=\"https:\/\/www.silivripatent.com.tr\/wp-content\/uploads\/buyutec-450x450.png\" alt=\"\" \/>\r\n\t\t\t<\/span> <\/span> <\/a>\r\n\t\t<div class=\"post-recent-main\">\r\n\t<!-- Post meta before content -->\r\n\t\t<div class=\"post-recent-content\"> \r\n\t\t<h5> <a class=\"text-dark\" href=\"https:\/\/www.silivripatent.com.tr\/en\/dunyada-patent-arastirmasi\/\">\r\n\t\tD\u00fcnyada Patent Ara\u015ft\u0131rmas\u0131\t\t<\/a> <\/h5>\r\n\t\t<p class=\"post-excerpt\">Sorry, this entry is only available in Turkish.<\/p>\t<\/div>\r\n\t<!-- Post meta after content -->\r\n\t\r\n<div class=\"post-meta \">\r\n\t\t\t\t<span class=\"meta-cats\">\r\n\t\t\t\t\t<i class=\"far fa-folder\"><\/i>\r\n\t\t\t\t\t<a href=\"https:\/\/www.silivripatent.com.tr\/en\/category\/investigation-arastirma\/\" rel=\"category tag\">INVESTIGATION<\/a>\t\t<\/span>\r\n\t\t\t\t<span class=\"meta-tags\">\r\n\t\t\t\t\t<i class=\"far fa-envelope\"><\/i>\r\n\t\t\t\t\t<a href=\"https:\/\/www.silivripatent.com.tr\/en\/tag\/dunyada-patent-arastirma\/\" rel=\"tag\">D\u00fcnyada Patent Ara\u015ft\u0131rma<\/a>, <a href=\"https:\/\/www.silivripatent.com.tr\/en\/tag\/epo\/\" rel=\"tag\">Epo<\/a>, <a href=\"https:\/\/www.silivripatent.com.tr\/en\/tag\/faydali-model\/\" rel=\"tag\">Faydal\u0131 Model<\/a>, <a href=\"https:\/\/www.silivripatent.com.tr\/en\/tag\/faydali-model-arastirma\/\" rel=\"tag\">Faydal\u0131 Model Ara\u015ft\u0131rma<\/a>, <a href=\"https:\/\/www.silivripatent.com.tr\/en\/tag\/innovasyon\/\" rel=\"tag\">Innovasyon<\/a>, <a href=\"https:\/\/www.silivripatent.com.tr\/en\/tag\/patent\/\" rel=\"tag\">Patent<\/a>, <a href=\"https:\/\/www.silivripatent.com.tr\/en\/tag\/patent-arastirma\/\" rel=\"tag\">Patent Ara\u015ft\u0131rma<\/a>, <a href=\"https:\/\/www.silivripatent.com.tr\/en\/tag\/tasarim\/\" rel=\"tag\">Tasar\u0131m<\/a>, <a href=\"https:\/\/www.silivripatent.com.tr\/en\/tag\/tasarim-arastirma\/\" rel=\"tag\">Tasar\u0131m Ara\u015ft\u0131rma<\/a>, <a href=\"https:\/\/www.silivripatent.com.tr\/en\/tag\/turk-patent-enstitusu\/\" rel=\"tag\">T\u00fcrk Patent Enstit\u00fcs\u00fc<\/a>, <a href=\"https:\/\/www.silivripatent.com.tr\/en\/tag\/uspo\/\" rel=\"tag\">Uspo<\/a>, <a href=\"https:\/\/www.silivripatent.com.tr\/en\/tag\/wipo\/\" rel=\"tag\">Wipo<\/a>\t\t<\/span>\r\n\t\t\r\n\t\r\n\t<\/div>\r\n\t<\/div>\r\n<\/div>\r\n<\/div><div class=\"post-slide\">\r\n<div class=\"post-item style-2 post-title-simple\">\r\n\t\t<a aria-label=\"Post Item\" href=\"https:\/\/www.silivripatent.com.tr\/en\/english-filing-expert-eports-for-industrial-designs\/\"> <span class=\"post-image thumb-info thumb-info-hide-wrapper-bg m-b-md\"> <span class=\"thumb-info-wrapper\"> <img loading=\"lazy\" decoding=\"async\" class=\"img-responsive\" width=\"400\" height=\"400\" src=\"https:\/\/www.silivripatent.com.tr\/wp-content\/uploads\/Filing-expert.jpg\" alt=\"\" \/>\r\n\t\t\t<\/span> <\/span> <\/a>\r\n\t\t<div class=\"post-recent-main\">\r\n\t<!-- Post meta before content -->\r\n\t\t<div class=\"post-recent-content\"> \r\n\t\t<h5> <a class=\"text-dark\" href=\"https:\/\/www.silivripatent.com.tr\/en\/english-filing-expert-eports-for-industrial-designs\/\">\r\n\t\tFiling Expert Eports For Industrial Designs\t\t<\/a> <\/h5>\r\n\t\t<p class=\"post-excerpt\">Filing Expert eports for industrial designs<\/p>\t<\/div>\r\n\t<!-- Post meta after content -->\r\n\t\r\n<div class=\"post-meta \">\r\n\t\t\t\t<span class=\"meta-cats\">\r\n\t\t\t\t\t<i class=\"far fa-folder\"><\/i>\r\n\t\t\t\t\t<a href=\"https:\/\/www.silivripatent.com.tr\/en\/category\/industrial-designs-endustriyel-tasarim\/\" rel=\"category tag\">INDUSTRIAL DESIGNS<\/a>\t\t<\/span>\r\n\t\t\t\r\n\t\r\n\t<\/div>\r\n\t<\/div>\r\n<\/div>\r\n<\/div><div class=\"post-slide\">\r\n<div class=\"post-item style-2 post-title-simple\">\r\n\t\t<a aria-label=\"Post Item\" href=\"https:\/\/www.silivripatent.com.tr\/en\/english-search-for-designs-both-in-turkey-or-worldwide\/\"> <span class=\"post-image thumb-info thumb-info-hide-wrapper-bg m-b-md\"> <span class=\"thumb-info-wrapper\"> <img loading=\"lazy\" decoding=\"async\" class=\"img-responsive\" width=\"400\" height=\"400\" src=\"https:\/\/www.silivripatent.com.tr\/wp-content\/uploads\/Search-for-Designs-Both.jpg\" alt=\"\" \/>\r\n\t\t\t<\/span> <\/span> <\/a>\r\n\t\t<div class=\"post-recent-main\">\r\n\t<!-- Post meta before content -->\r\n\t\t<div class=\"post-recent-content\"> \r\n\t\t<h5> <a class=\"text-dark\" href=\"https:\/\/www.silivripatent.com.tr\/en\/english-search-for-designs-both-in-turkey-or-worldwide\/\">\r\n\t\tSearch for Designs Both in Turkey or Worldwide\t\t<\/a> <\/h5>\r\n\t\t<p class=\"post-excerpt\">Search for designs both in Turkey or worldwide<\/p>\t<\/div>\r\n\t<!-- Post meta after content -->\r\n\t\r\n<div class=\"post-meta \">\r\n\t\t\t\t<span class=\"meta-cats\">\r\n\t\t\t\t\t<i class=\"far fa-folder\"><\/i>\r\n\t\t\t\t\t<a href=\"https:\/\/www.silivripatent.com.tr\/en\/category\/industrial-designs-endustriyel-tasarim\/\" rel=\"category tag\">INDUSTRIAL DESIGNS<\/a>\t\t<\/span>\r\n\t\t\t\r\n\t\r\n\t<\/div>\r\n\t<\/div>\r\n<\/div>\r\n<\/div>\t<\/div>\r\n\t<\/div>[vc_row_inner][vc_column_inner][vc_text_separator title=&#8221;Silivri Patent \/ PRACTICAL AREAS&#8221;][\/vc_column_inner][\/vc_row_inner][vc_row_inner][vc_column_inner width=&#8221;1\/4&#8243;]<div class=\"porto-content-box featured-boxes wpb_content_element  featured-boxes-flat featured-boxes-style-3\"><div class=\"featured-box featured-box-primary featured-box-effect-3\"><div class=\"box-content\" style=\"\"><i class=\"icon-featured fa fa-clipboard text-color-primary border-color-primary\"><\/i>[vc_column_text]<\/p>\n<h4>PATENT<\/h4>\n<p>A patent is a monopoly right granted to the owner of an invention that legally prevents others from making, using, importing or selling the invention without his permission for a certain period and in a certain country[\/vc_column_text]<\/div><\/div><\/div>[\/vc_column_inner][vc_column_inner width=&#8221;1\/4&#8243;]<div class=\"porto-content-box featured-boxes wpb_content_element  featured-boxes-flat featured-boxes-style-3\"><div class=\"featured-box featured-box-secondary featured-box-effect-3\"><div class=\"box-content\" style=\"\"><i class=\"icon-featured fa fa-code-fork text-color-secondary border-color-secondary\"><\/i>[vc_column_text]<\/p>\n<h4>INDUSTRIAL DESIGNS<\/h4>\n<p>Design is a monopoly right granted to the owner of a design which is a product as a whole or a part on which there is an ornament or a line or a shape or a texture or a materal that can be sensed with the human senses and legally prevents others from making, using, importing or selling the design without his permission for a certain period and in a certain country.[\/vc_column_text]<\/div><\/div><\/div>[\/vc_column_inner][vc_column_inner width=&#8221;1\/4&#8243;]<div class=\"porto-content-box featured-boxes wpb_content_element  featured-boxes-flat featured-boxes-style-3\"><div class=\"featured-box featured-box-tertiary featured-box-effect-3\"><div class=\"box-content\" style=\"\"><i class=\"icon-featured fa fa-codiepie text-color-tertiary border-color-tertiary\"><\/i>[vc_column_text]<\/p>\n<h4>TRADEMARKS<\/h4>\n<p>A trademark is a mark that can be presented with drawings, or published or shapes of the goods and contains words, phrases, symbols or designs, or a combination of words, phrases, numbers, symbols or designs, including person names, that identifies and distinguishes the source of the goods of one party from those of others.[\/vc_column_text]<\/div><\/div><\/div>[\/vc_column_inner][vc_column_inner width=&#8221;1\/4&#8243;]<div class=\"porto-content-box featured-boxes wpb_content_element  featured-boxes-flat featured-boxes-style-3\"><div class=\"featured-box featured-box-quaternary featured-box-effect-3\"><div class=\"box-content\" style=\"\"><i class=\"icon-featured fa fa-search text-color-quaternary border-color-quaternary\"><\/i>[vc_column_text]<\/p>\n<h4>INVESTIGATION<\/h4>\n<p>Patent search is a search to determine if there is a registered patent, utility model or industrial design for a certain product in the world or not.<br \/>\nIf a third party wants to apply for a patent, utility model or a design in Turkey regarding to your registered product , it must be legally objected and the application must be withdrawn.[\/vc_column_text]<\/div><\/div><\/div>[\/vc_column_inner][\/vc_row_inner][\/vc_column][vc_column][vc_text_separator title=&#8221;Who We Are ?&#8221;][vc_column_text]<\/p>\n<h4 class=\"vc_custom_heading heading-primary\">Silivri Patent was founded by patent and trademark attorney Mr. Salim \u015eent\u00fcrk.<\/h4>\n<p>Salim \u015eent\u00fcrk was graduated from Karadeniz Technical University with first degree. He had worked at Hidrel A.\u015e. which belongs to Oerlikon group as a sales and project engineer for the hydraulic-pneumatic and automation devices. He gives seminars about the hydraulic-pneumatic and automation devices at KOSGEB (governmental organization of small and medium industry development) and many other foundations. He has worked as a chief of production at a company which products the Rowenta and Moulinex branded irons. He had worked as a factory engineer at the sector of shoe polish and worked as production coordinator at plastic cases production factory. He also worked as a factory engineer at a company which products Kinetik, Mytrax and Flogart branded shoes.[\/vc_column_text][\/vc_column][\/vc_row]<\/p>\n<\/div>","protected":false},"excerpt":{"rendered":"<p>[vc_row wrap_container=&#8221;yes&#8221; is_section=&#8221;yes&#8221; section_skin=&#8221;parallax&#8221; remove_margin_top=&#8221;yes&#8221; remove_margin_bottom=&#8221;yes&#8221;][vc_column][vc_row_inner][vc_column_inner][vc_text_separator title=&#8221;Silivri Patent \/ PRACTICAL AREAS&#8221;][\/vc_column_inner][\/vc_row_inner][vc_row_inner][vc_column_inner width=&#8221;1\/4&#8243;][\/vc_column_inner][vc_column_inner width=&#8221;1\/4&#8243;][\/vc_column_inner][vc_column_inner width=&#8221;1\/4&#8243;][\/vc_column_inner][vc_column_inner width=&#8221;1\/4&#8243;][\/vc_column_inner][\/vc_row_inner][\/vc_column][vc_column][vc_text_separator title=&#8221;Who We Are ?&#8221;][vc_column_text] Silivri Patent was founded by patent and trademark attorney Mr. Salim \u015eent\u00fcrk. Salim \u015eent\u00fcrk was graduated from Karadeniz Technical University with first degree. He had worked at Hidrel A.\u015e. which belongs to Oerlikon group as a [&hellip;]<\/p>\n","protected":false},"author":1,"featured_media":0,"parent":0,"menu_order":0,"comment_status":"closed","ping_status":"closed","template":"","meta":{"footnotes":""},"_links":{"self":[{"href":"https:\/\/www.silivripatent.com.tr\/en\/wp-json\/wp\/v2\/pages\/143"}],"collection":[{"href":"https:\/\/www.silivripatent.com.tr\/en\/wp-json\/wp\/v2\/pages"}],"about":[{"href":"https:\/\/www.silivripatent.com.tr\/en\/wp-json\/wp\/v2\/types\/page"}],"author":[{"embeddable":true,"href":"https:\/\/www.silivripatent.com.tr\/en\/wp-json\/wp\/v2\/users\/1"}],"replies":[{"embeddable":true,"href":"https:\/\/www.silivripatent.com.tr\/en\/wp-json\/wp\/v2\/comments?post=143"}],"version-history":[{"count":0,"href":"https:\/\/www.silivripatent.com.tr\/en\/wp-json\/wp\/v2\/pages\/143\/revisions"}],"wp:attachment":[{"href":"https:\/\/www.silivripatent.com.tr\/en\/wp-json\/wp\/v2\/media?parent=143"}],"curies":[{"name":"wp","href":"https:\/\/api.w.org\/{rel}","templated":true}]}}